{"id":1129,"date":"2026-03-16T22:32:24","date_gmt":"2026-03-17T04:32:24","guid":{"rendered":"https:\/\/saludauditiva.net\/?page_id=1129"},"modified":"2026-04-03T23:13:57","modified_gmt":"2026-04-04T05:13:57","slug":"nuestra-historia-2","status":"publish","type":"page","link":"https:\/\/saludauditiva.net\/?page_id=1129","title":{"rendered":"Nuestra historia 2"},"content":{"rendered":"<p>[et_pb_section fb_built=\u00bb1&#8243; _builder_version=\u00bb4.27.0&#8243; _module_preset=\u00bbdefault\u00bb background_color=\u00bb#F7F7F7&#8243; global_colors_info=\u00bb{}\u00bb][et_pb_row _builder_version=\u00bb4.27.0&#8243; _module_preset=\u00bbdefault\u00bb global_colors_info=\u00bb{}\u00bb][et_pb_column type=\u00bb4_4&#8243; _builder_version=\u00bb4.27.0&#8243; _module_preset=\u00bbdefault\u00bb global_colors_info=\u00bb{}\u00bb][et_pb_heading title=\u00bbCl\u00ednica de Otorrinolaringolog\u00eda del Dr. Edgar D\u00edaz Arango.\u00bb _builder_version=\u00bb4.27.0&#8243; _module_preset=\u00bbdefault\u00bb title_font=\u00bbAlice||||||||\u00bb title_text_align=\u00bbcenter\u00bb title_text_color=\u00bb#373737&#8243; global_colors_info=\u00bb{}\u00bb][\/et_pb_heading][et_pb_text _builder_version=\u00bb4.27.0&#8243; _module_preset=\u00bbdefault\u00bb text_font=\u00bbAlice||||||||\u00bb text_text_color=\u00bb#373737&#8243; text_font_size=\u00bb20px\u00bb text_orientation=\u00bbjustified\u00bb hover_enabled=\u00bb0&#8243; global_colors_info=\u00bb{}\u00bb sticky_enabled=\u00bb0&#8243;]<\/p>\n<p><span>Otorrinolaring\u00f3logo con una trayectoria profesional de m\u00e1s de 15\u00a0<\/span><span>A\u00f1os<\/span><\/p>\n<p><span>Con una experiencia que se extiende por m\u00e1s de 15 a\u00f1os como m\u00e9dico y cirujano, y con dedicaci\u00f3n exclusiva de 7 a\u00f1os en el campo de la Otorrinolaringolog\u00eda en Quetzaltenango, el Dr. Edgar D\u00edaz Arango se destaca como una figura respetada y confiable en el campo de la salud en Guatemala.<\/span><\/p>\n<p><span>El Dr. Edgar D\u00edaz Arango no solo aporta una rica experiencia, sino tambi\u00e9n un s\u00f3lido conjunto de valores que orientan su pr\u00e1ctica diaria. La excelencia, responsabilidad, proactividad, mejora continua, innovaci\u00f3n, el crecimiento, liderazgo y compromiso son los pilares fundamentales en los cuales se basa su atenci\u00f3n m\u00e9dica. Estos valores se traducen en una atenci\u00f3n personalizada y altamente profesional para cada paciente.<\/span><\/p>\n<p>[\/et_pb_text][et_pb_social_media_follow _builder_version=\u00bb4.27.0&#8243; _module_preset=\u00bbdefault\u00bb global_colors_info=\u00bb{}\u00bb][et_pb_social_media_follow_network social_network=\u00bbfacebook\u00bb _builder_version=\u00bb4.27.0&#8243; _module_preset=\u00bbdefault\u00bb background_color=\u00bb#3b5998&#8243; global_colors_info=\u00bb{}\u00bb follow_button=\u00bboff\u00bb url_new_window=\u00bbon\u00bb]facebook[\/et_pb_social_media_follow_network][et_pb_social_media_follow_network social_network=\u00bbtwitter\u00bb _builder_version=\u00bb4.27.0&#8243; _module_preset=\u00bbdefault\u00bb background_color=\u00bb#000000&#8243; global_colors_info=\u00bb{}\u00bb follow_button=\u00bboff\u00bb url_new_window=\u00bbon\u00bb]X[\/et_pb_social_media_follow_network][et_pb_social_media_follow_network social_network=\u00bbinstagram\u00bb _builder_version=\u00bb4.27.0&#8243; _module_preset=\u00bbdefault\u00bb background_color=\u00bb#ea2c59&#8243; global_colors_info=\u00bb{}\u00bb follow_button=\u00bboff\u00bb url_new_window=\u00bbon\u00bb]instagram[\/et_pb_social_media_follow_network][\/et_pb_social_media_follow][\/et_pb_column][\/et_pb_row][et_pb_row _builder_version=\u00bb4.27.0&#8243; _module_preset=\u00bbdefault\u00bb global_colors_info=\u00bb{}\u00bb][et_pb_column type=\u00bb4_4&#8243; _builder_version=\u00bb4.27.0&#8243; _module_preset=\u00bbdefault\u00bb global_colors_info=\u00bb{}\u00bb][et_pb_image src=\u00bbhttps:\/\/saludauditiva.net\/wp-content\/uploads\/2023\/11\/DSC_0651-1.webp\u00bb title_text=\u00bbDoctor Arango\u00bb _builder_version=\u00bb4.27.0&#8243; _module_preset=\u00bbdefault\u00bb custom_margin=\u00bb3px|||||\u00bb border_radii=\u00bbon|15px|15px|15px|15px\u00bb box_shadow_style=\u00bbpreset1&#8243; global_colors_info=\u00bb{}\u00bb][\/et_pb_image][\/et_pb_column][\/et_pb_row][\/et_pb_section][et_pb_section fb_built=\u00bb1&#8243; _builder_version=\u00bb4.27.0&#8243; _module_preset=\u00bbdefault\u00bb custom_padding=\u00bb||8px|||\u00bb global_colors_info=\u00bb{}\u00bb][et_pb_row _builder_version=\u00bb4.27.0&#8243; _module_preset=\u00bbdefault\u00bb custom_padding=\u00bb||3px|||\u00bb global_colors_info=\u00bb{}\u00bb][et_pb_column type=\u00bb4_4&#8243; _builder_version=\u00bb4.27.0&#8243; _module_preset=\u00bbdefault\u00bb global_colors_info=\u00bb{}\u00bb][et_pb_divider _builder_version=\u00bb4.27.0&#8243; _module_preset=\u00bbdefault\u00bb global_colors_info=\u00bb{}\u00bb][\/et_pb_divider][\/et_pb_column][\/et_pb_row][et_pb_row _builder_version=\u00bb4.27.0&#8243; _module_preset=\u00bbdefault\u00bb global_colors_info=\u00bb{}\u00bb][et_pb_column type=\u00bb4_4&#8243; _builder_version=\u00bb4.27.0&#8243; _module_preset=\u00bbdefault\u00bb global_colors_info=\u00bb{}\u00bb][et_pb_heading title=\u00bbCARRERA PROFESIONAL\u00bb _builder_version=\u00bb4.27.0&#8243; _module_preset=\u00bbdefault\u00bb title_font=\u00bbAlice||||||||\u00bb title_text_align=\u00bbcenter\u00bb title_text_color=\u00bb#050A30&#8243; global_colors_info=\u00bb{}\u00bb][\/et_pb_heading][\/et_pb_column][\/et_pb_row][\/et_pb_section][et_pb_section fb_built=\u00bb1&#8243; _builder_version=\u00bb4.27.0&#8243; _module_preset=\u00bbdefault\u00bb background_color=\u00bbRGBA(255,255,255,0)\u00bb custom_padding=\u00bb||1px|||\u00bb global_colors_info=\u00bb{}\u00bb][et_pb_row column_structure=\u00bb1_3,1_3,1_3&#8243; _builder_version=\u00bb4.27.0&#8243; _module_preset=\u00bbdefault\u00bb global_colors_info=\u00bb{}\u00bb][et_pb_column type=\u00bb1_3&#8243; _builder_version=\u00bb4.27.0&#8243; _module_preset=\u00bbdefault\u00bb global_colors_info=\u00bb{}\u00bb][et_pb_heading title=\u00bbInstituciones reconocidas\u00bb _builder_version=\u00bb4.27.0&#8243; _module_preset=\u00bbdefault\u00bb title_font=\u00bbAlice||||||||\u00bb title_text_align=\u00bbcenter\u00bb title_text_color=\u00bb#050A30&#8243; global_colors_info=\u00bb{}\u00bb][\/et_pb_heading][et_pb_text _builder_version=\u00bb4.27.0&#8243; _module_preset=\u00bbdefault\u00bb text_font=\u00bbAlice||||||||\u00bb text_font_size=\u00bb17px\u00bb global_colors_info=\u00bb{}\u00bb]<\/p>\n<p>Experiencia en Instituciones Reconocidas:<br \/><strong>2009-2013.<\/strong><\/p>\n<p>M\u00e9dico Residente de Cirug\u00eda General Hospital Roosevelt.<br \/>2013 \u2013 jefe de Residentes de Cirug\u00eda \u2013 Hospital Roosevelt IGSS\/USAC.<\/p>\n<p><strong>2014-2016<\/strong><\/p>\n<p>M\u00e9dico Residente de Otorrinolaringolog\u00eda Instituto Guatemalteco de Seguridad Social (IGSS)<\/p>\n<p>2016 \u2013 jefe de Residentes de Otorrinolaringolog\u00eda IGSS\/USAC.<\/p>\n<p>Desde el a\u00f1o 2017, el Dr. D\u00edaz Arango se ha establecido como un profesional de confianza en Quetzaltenango, en diciembre del 2021 fund\u00f3 la unidad de estudios avanzados en Audiolog\u00eda, Rinolog\u00eda, Laringolog\u00eda y Trastornos del sue\u00f1o.<\/p>\n<p>[\/et_pb_text][\/et_pb_column][et_pb_column type=\u00bb1_3&#8243; _builder_version=\u00bb4.27.0&#8243; _module_preset=\u00bbdefault\u00bb global_colors_info=\u00bb{}\u00bb][et_pb_heading title=\u00bbActualidad\u00bb _builder_version=\u00bb4.27.0&#8243; _module_preset=\u00bbdefault\u00bb title_font=\u00bbAlice||||||||\u00bb title_text_align=\u00bbcenter\u00bb title_text_color=\u00bb#050A30&#8243; global_colors_info=\u00bb{}\u00bb][\/et_pb_heading][et_pb_text _builder_version=\u00bb4.27.0&#8243; _module_preset=\u00bbdefault\u00bb text_font=\u00bbAlice||||||||\u00bb text_font_size=\u00bb17px\u00bb header_font=\u00bbAlice||||||||\u00bb global_colors_info=\u00bb{}\u00bb]<\/p>\n<p>Actualmente su unidad se encuentra ubicada en la 4ta calle 23-61 zona 3, Quetzaltenango, en el Centro Hospitalario La Paz Occidente, en las Cl\u00ednicas 404 y 405. Esta ubicaci\u00f3n estrat\u00e9gica proporciona un entorno seguro y c\u00f3modo para los pacientes, garantizando una experiencia \u00fanica en cada visita.<\/p>\n<p>El Dr. Edgar D\u00edaz Arango contin\u00faa siendo un l\u00edder en su campo, brindando un est\u00e1ndar ejemplar de atenci\u00f3n m\u00e9dica a la comunidad del Occidente del pa\u00eds. Su enfoque centrado en el paciente y su compromiso inquebrantable con la excelencia son testimonios de su dedicaci\u00f3n a la salud y el bienestar de sus pacientes.<\/p>\n<p>[\/et_pb_text][\/et_pb_column][et_pb_column type=\u00bb1_3&#8243; _builder_version=\u00bb4.27.0&#8243; _module_preset=\u00bbdefault\u00bb global_colors_info=\u00bb{}\u00bb][et_pb_heading title=\u00bbMaestr\u00edas\u00bb _builder_version=\u00bb4.27.0&#8243; _module_preset=\u00bbdefault\u00bb title_font=\u00bbAlice||||||||\u00bb title_text_align=\u00bbcenter\u00bb title_text_color=\u00bb#050A30&#8243; global_colors_info=\u00bb{}\u00bb][\/et_pb_heading][et_pb_text _builder_version=\u00bb4.27.0&#8243; _module_preset=\u00bbdefault\u00bb text_font=\u00bbAlice||||||||\u00bb text_font_size=\u00bb17px\u00bb global_colors_info=\u00bb{}\u00bb]<\/p>\n<p>Posee dos Maestr\u00edas:<\/p>\n<p>Maestro en Ciencias M\u00e9dicas con especialidad en Otorrinolaringolog\u00eda en grado <strong>Cum Laude- USAC.<\/strong><br \/>Maestro en Ciencias M\u00e9dicas con especialidad en Cirug\u00eda General en grado <strong>Cum Laude \u2013 USAC.<\/strong><\/p>\n<p>Mejor promedio durante ambas maestr\u00edas en los a\u00f1os 2009 al 2016<\/p>\n<p>[\/et_pb_text][\/et_pb_column][\/et_pb_row][\/et_pb_section][et_pb_section fb_built=\u00bb1&#8243; _builder_version=\u00bb4.27.0&#8243; _module_preset=\u00bbdefault\u00bb global_colors_info=\u00bb{}\u00bb][et_pb_row _builder_version=\u00bb4.27.0&#8243; _module_preset=\u00bbdefault\u00bb global_colors_info=\u00bb{}\u00bb][et_pb_column type=\u00bb4_4&#8243; _builder_version=\u00bb4.27.0&#8243; _module_preset=\u00bbdefault\u00bb global_colors_info=\u00bb{}\u00bb][et_pb_heading title=\u00bbEl Dr. Edgar D\u00edaz Arango es Otorrinolaring\u00f3logo y se ha hecho acreedor a los reconocimientos\u00bb _builder_version=\u00bb4.27.0&#8243; _module_preset=\u00bbdefault\u00bb title_font=\u00bbAlice||||||||\u00bb title_text_align=\u00bbcenter\u00bb title_text_color=\u00bb#373737&#8243; global_colors_info=\u00bb{}\u00bb][\/et_pb_heading][\/et_pb_column][\/et_pb_row][\/et_pb_section][et_pb_section fb_built=\u00bb1&#8243; _builder_version=\u00bb4.27.0&#8243; _module_preset=\u00bbdefault\u00bb custom_padding=\u00bb0px||32px|||\u00bb global_colors_info=\u00bb{}\u00bb][et_pb_row column_structure=\u00bb1_3,1_3,1_3&#8243; _builder_version=\u00bb4.27.0&#8243; _module_preset=\u00bbdefault\u00bb global_colors_info=\u00bb{}\u00bb][et_pb_column type=\u00bb1_3&#8243; _builder_version=\u00bb4.27.0&#8243; _module_preset=\u00bbdefault\u00bb global_colors_info=\u00bb{}\u00bb][et_pb_blurb title=\u00bb2009&#8243; image=\u00bbhttps:\/\/saludauditiva.net\/wp-content\/uploads\/2026\/03\/12342568.png\u00bb image_icon_width=\u00bb50%\u00bb _builder_version=\u00bb4.27.0&#8243; _module_preset=\u00bbdefault\u00bb header_font=\u00bbAlice||||||||\u00bb header_text_align=\u00bbcenter\u00bb header_font_size=\u00bb24px\u00bb text_orientation=\u00bbcenter\u00bb global_colors_info=\u00bb{}\u00bb]<\/p>\n<p>Premio Dr. Rodolfo Dolis Hegel<\/p>\n<p>[\/et_pb_blurb][\/et_pb_column][et_pb_column type=\u00bb1_3&#8243; _builder_version=\u00bb4.27.0&#8243; _module_preset=\u00bbdefault\u00bb global_colors_info=\u00bb{}\u00bb][et_pb_blurb title=\u00bb2010&#8243; image=\u00bbhttps:\/\/saludauditiva.net\/wp-content\/uploads\/2026\/03\/12342568.png\u00bb image_icon_width=\u00bb50%\u00bb _builder_version=\u00bb4.27.0&#8243; _module_preset=\u00bbdefault\u00bb header_font=\u00bbAlice||||||||\u00bb header_text_align=\u00bbcenter\u00bb header_font_size=\u00bb25px\u00bb text_orientation=\u00bbcenter\u00bb global_colors_info=\u00bb{}\u00bb]<\/p>\n<p>Premio Dr. Carlos Gallardo Flores<\/p>\n<p>[\/et_pb_blurb][\/et_pb_column][et_pb_column type=\u00bb1_3&#8243; _builder_version=\u00bb4.27.0&#8243; _module_preset=\u00bbdefault\u00bb global_colors_info=\u00bb{}\u00bb][et_pb_blurb title=\u00bb2011&#8243; image=\u00bbhttps:\/\/saludauditiva.net\/wp-content\/uploads\/2026\/03\/12342568.png\u00bb image_icon_width=\u00bb50%\u00bb _builder_version=\u00bb4.27.0&#8243; _module_preset=\u00bbdefault\u00bb header_font=\u00bbAlice||||||||\u00bb header_text_align=\u00bbcenter\u00bb header_font_size=\u00bb25px\u00bb text_orientation=\u00bbcenter\u00bb global_colors_info=\u00bb{}\u00bb]<\/p>\n<p><b>Premio Dr. Carlos D\u00e1vila Rangel<\/b><\/p>\n<p>[\/et_pb_blurb][\/et_pb_column][\/et_pb_row][et_pb_row column_structure=\u00bb1_3,1_3,1_3&#8243; _builder_version=\u00bb4.27.0&#8243; _module_preset=\u00bbdefault\u00bb global_colors_info=\u00bb{}\u00bb][et_pb_column type=\u00bb1_3&#8243; _builder_version=\u00bb4.27.0&#8243; _module_preset=\u00bbdefault\u00bb global_colors_info=\u00bb{}\u00bb][et_pb_blurb title=\u00bb2011&#8243; image=\u00bbhttps:\/\/saludauditiva.net\/wp-content\/uploads\/2026\/03\/12342568.png\u00bb image_icon_width=\u00bb50%\u00bb _builder_version=\u00bb4.27.0&#8243; _module_preset=\u00bbdefault\u00bb header_font=\u00bbAlice||||||||\u00bb header_font_size=\u00bb25px\u00bb text_orientation=\u00bbcenter\u00bb global_colors_info=\u00bb{}\u00bb]<\/p>\n<p>Premio Dr. Isam Muadi Ayub<\/p>\n<p>[\/et_pb_blurb][\/et_pb_column][et_pb_column type=\u00bb1_3&#8243; _builder_version=\u00bb4.27.0&#8243; _module_preset=\u00bbdefault\u00bb global_colors_info=\u00bb{}\u00bb][et_pb_blurb title=\u00bb2012&#8243; image=\u00bbhttps:\/\/saludauditiva.net\/wp-content\/uploads\/2026\/03\/12342568.png\u00bb image_icon_width=\u00bb50%\u00bb _builder_version=\u00bb4.27.0&#8243; _module_preset=\u00bbdefault\u00bb header_font=\u00bbAlice||||||||\u00bb header_font_size=\u00bb25px\u00bb text_orientation=\u00bbcenter\u00bb global_colors_info=\u00bb{}\u00bb]<\/p>\n<p>Premio Dr. Rodolfo Macdonal Kanter<\/p>\n<p>[\/et_pb_blurb][\/et_pb_column][et_pb_column type=\u00bb1_3&#8243; _builder_version=\u00bb4.27.0&#8243; _module_preset=\u00bbdefault\u00bb global_colors_info=\u00bb{}\u00bb][et_pb_blurb title=\u00bb2012&#8243; image=\u00bbhttps:\/\/saludauditiva.net\/wp-content\/uploads\/2026\/03\/12342568.png\u00bb image_icon_width=\u00bb50%\u00bb _builder_version=\u00bb4.27.0&#8243; _module_preset=\u00bbdefault\u00bb header_font=\u00bbAlice||||||||\u00bb header_font_size=\u00bb25px\u00bb text_orientation=\u00bbcenter\u00bb global_colors_info=\u00bb{}\u00bb]<\/p>\n<p>Premio Dr. Roberto Arroyave<\/p>\n<p>[\/et_pb_blurb][\/et_pb_column][\/et_pb_row][\/et_pb_section][et_pb_section fb_built=\u00bb1&#8243; _builder_version=\u00bb4.27.0&#8243; _module_preset=\u00bbdefault\u00bb global_colors_info=\u00bb{}\u00bb][et_pb_row column_structure=\u00bb1_3,1_3,1_3&#8243; _builder_version=\u00bb4.27.0&#8243; _module_preset=\u00bbdefault\u00bb global_colors_info=\u00bb{}\u00bb][et_pb_column type=\u00bb1_3&#8243; _builder_version=\u00bb4.27.0&#8243; _module_preset=\u00bbdefault\u00bb global_colors_info=\u00bb{}\u00bb][et_pb_image src=\u00bbhttps:\/\/saludauditiva.net\/wp-content\/uploads\/2023\/11\/DSC_0706.webp\u00bb title_text=\u00bbDSC_0706&#8243; _builder_version=\u00bb4.27.0&#8243; _module_preset=\u00bbdefault\u00bb global_colors_info=\u00bb{}\u00bb][\/et_pb_image][\/et_pb_column][et_pb_column type=\u00bb1_3&#8243; _builder_version=\u00bb4.27.0&#8243; _module_preset=\u00bbdefault\u00bb global_colors_info=\u00bb{}\u00bb][et_pb_image src=\u00bbhttps:\/\/saludauditiva.net\/wp-content\/uploads\/2023\/11\/DSC_0706.webp\u00bb title_text=\u00bbDSC_0706&#8243; _builder_version=\u00bb4.27.0&#8243; _module_preset=\u00bbdefault\u00bb global_colors_info=\u00bb{}\u00bb][\/et_pb_image][\/et_pb_column][et_pb_column type=\u00bb1_3&#8243; _builder_version=\u00bb4.27.0&#8243; _module_preset=\u00bbdefault\u00bb global_colors_info=\u00bb{}\u00bb][et_pb_image src=\u00bbhttps:\/\/saludauditiva.net\/wp-content\/uploads\/2023\/11\/DSC_0706.webp\u00bb title_text=\u00bbDSC_0706&#8243; _builder_version=\u00bb4.27.0&#8243; _module_preset=\u00bbdefault\u00bb global_colors_info=\u00bb{}\u00bb][\/et_pb_image][\/et_pb_column][\/et_pb_row][\/et_pb_section][et_pb_section fb_built=\u00bb1&#8243; _builder_version=\u00bb4.27.0&#8243; _module_preset=\u00bbdefault\u00bb background_color=\u00bb#0074b7&#8243; global_colors_info=\u00bb{}\u00bb][et_pb_row _builder_version=\u00bb4.27.0&#8243; _module_preset=\u00bbdefault\u00bb global_colors_info=\u00bb{}\u00bb][et_pb_column type=\u00bb4_4&#8243; _builder_version=\u00bb4.27.0&#8243; _module_preset=\u00bbdefault\u00bb global_colors_info=\u00bb{}\u00bb][et_pb_slider _builder_version=\u00bb4.27.0&#8243; _module_preset=\u00bbdefault\u00bb background_color=\u00bb#0074b7&#8243; custom_padding=\u00bb||141px|||\u00bb global_colors_info=\u00bb{}\u00bb][et_pb_slide heading=\u00bbMISI\u00d3N\u00bb _builder_version=\u00bb4.27.0&#8243; _module_preset=\u00bbdefault\u00bb header_font=\u00bbAlice||||||||\u00bb header_font_size=\u00bb46px\u00bb body_font=\u00bbAlice||||||||\u00bb body_font_size=\u00bb18px\u00bb global_colors_info=\u00bb{}\u00bb sticky_transition=\u00bbon\u00bb]<\/p>\n<p><span><\/span><\/p>\n<p><span>Brindar a cada paciente que decide venir a nuestra cl\u00ednica una experiencia \u00fanica de servicio al cliente. Queremos consolidarnos como la cl\u00ednica de Otorrinolaringolog\u00eda con mejor servicio y atenci\u00f3n a pacientes de todo el occidente de Guatemala.<\/span><\/p>\n<p>[\/et_pb_slide][et_pb_slide heading=\u00bbVISI\u00d3N\u00bb _builder_version=\u00bb4.27.0&#8243; _module_preset=\u00bbdefault\u00bb header_font=\u00bbAlice||||||||\u00bb body_font=\u00bbAlice||||||||\u00bb body_font_size=\u00bb18px\u00bb global_colors_info=\u00bb{}\u00bb sticky_transition=\u00bbon\u00bb]<\/p>\n<p><span><\/span><\/p>\n<p><span>Diversificar nuestros servicios para ofrecer nuevas y mejores soluciones en el \u00e1rea de la otorrinolaringolog\u00eda desde la consulta m\u00e9dica hasta el campo de la cirug\u00eda. A futuro posicionarnos como el Centro de Otorrinolaringolog\u00eda m\u00e1s completo del pa\u00ed<\/span><\/p>\n<p>[\/et_pb_slide][et_pb_slide heading=\u00bbFILOSOF\u00cdA\u00bb _builder_version=\u00bb4.27.0&#8243; _module_preset=\u00bbdefault\u00bb header_font=\u00bbAlice||||||||\u00bb body_font=\u00bbAlice||||||||\u00bb body_font_size=\u00bb18px\u00bb global_colors_info=\u00bb{}\u00bb sticky_transition=\u00bbon\u00bb]<\/p>\n<p><span><\/span><\/p>\n<p><span>Nuestra filosof\u00eda como empresa es trabajar con excelencia en todas las \u00e1reas de nuestro d\u00eda a d\u00eda laboral.<\/span><\/p>\n<p>[\/et_pb_slide][\/et_pb_slider][\/et_pb_column][\/et_pb_row][\/et_pb_section]<\/p>\n","protected":false},"excerpt":{"rendered":"<p>Otorrinolaring\u00f3logo con una trayectoria profesional de m\u00e1s de 15\u00a0A\u00f1os Con una experiencia que se extiende por m\u00e1s de 15 a\u00f1os como m\u00e9dico y cirujano, y con dedicaci\u00f3n exclusiva de 7 a\u00f1os en el campo de la Otorrinolaringolog\u00eda en Quetzaltenango, el Dr. Edgar D\u00edaz Arango se destaca como una figura respetada y confiable en el campo [&hellip;]<\/p>\n","protected":false},"author":1,"featured_media":0,"parent":0,"menu_order":0,"comment_status":"closed","ping_status":"closed","template":"","meta":{"_et_pb_use_builder":"on","_et_pb_old_content":"","_et_gb_content_width":"","_uag_custom_page_level_css":"","footnotes":""},"class_list":["post-1129","page","type-page","status-publish","hentry"],"yoast_head":"<!-- This site is optimized with the Yoast SEO plugin v27.1.1 - https:\/\/yoast.com\/product\/yoast-seo-wordpress\/ -->\n<title>Nuestra historia 2 - audioproxpert<\/title>\n<meta name=\"robots\" content=\"index, follow, max-snippet:-1, max-image-preview:large, max-video-preview:-1\" \/>\n<link rel=\"canonical\" href=\"https:\/\/saludauditiva.net\/?page_id=1129\" \/>\n<meta property=\"og:locale\" content=\"es_ES\" \/>\n<meta property=\"og:type\" content=\"article\" \/>\n<meta property=\"og:title\" content=\"Nuestra historia 2 - audioproxpert\" \/>\n<meta property=\"og:description\" content=\"Otorrinolaring\u00f3logo con una trayectoria profesional de m\u00e1s de 15\u00a0A\u00f1os Con una experiencia que se extiende por m\u00e1s de 15 a\u00f1os como m\u00e9dico y cirujano, y con dedicaci\u00f3n exclusiva de 7 a\u00f1os en el campo de la Otorrinolaringolog\u00eda en Quetzaltenango, el Dr. Edgar D\u00edaz Arango se destaca como una figura respetada y confiable en el campo [&hellip;]\" \/>\n<meta property=\"og:url\" content=\"https:\/\/saludauditiva.net\/?page_id=1129\" \/>\n<meta property=\"og:site_name\" content=\"audioproxpert\" \/>\n<meta property=\"article:publisher\" content=\"https:\/\/www.facebook.com\/profile.php?id=100083037445521\" \/>\n<meta property=\"article:modified_time\" content=\"2026-04-04T05:13:57+00:00\" \/>\n<meta name=\"twitter:card\" content=\"summary_large_image\" \/>\n<meta name=\"twitter:site\" content=\"@AudioproXperts\" \/>\n<script type=\"application\/ld+json\" class=\"yoast-schema-graph\">{\"@context\":\"https:\/\/schema.org\",\"@graph\":[{\"@type\":\"WebPage\",\"@id\":\"https:\/\/saludauditiva.net\/?page_id=1129\",\"url\":\"https:\/\/saludauditiva.net\/?page_id=1129\",\"name\":\"Nuestra historia 2 - audioproxpert\",\"isPartOf\":{\"@id\":\"https:\/\/saludauditiva.net\/#website\"},\"datePublished\":\"2026-03-17T04:32:24+00:00\",\"dateModified\":\"2026-04-04T05:13:57+00:00\",\"breadcrumb\":{\"@id\":\"https:\/\/saludauditiva.net\/?page_id=1129#breadcrumb\"},\"inLanguage\":\"es\",\"potentialAction\":[{\"@type\":\"ReadAction\",\"target\":[\"https:\/\/saludauditiva.net\/?page_id=1129\"]}]},{\"@type\":\"BreadcrumbList\",\"@id\":\"https:\/\/saludauditiva.net\/?page_id=1129#breadcrumb\",\"itemListElement\":[{\"@type\":\"ListItem\",\"position\":1,\"name\":\"Portada\",\"item\":\"https:\/\/saludauditiva.net\/\"},{\"@type\":\"ListItem\",\"position\":2,\"name\":\"Nuestra historia 2\"}]},{\"@type\":\"WebSite\",\"@id\":\"https:\/\/saludauditiva.net\/#website\",\"url\":\"https:\/\/saludauditiva.net\/\",\"name\":\"audioproxpert\",\"description\":\"\",\"potentialAction\":[{\"@type\":\"SearchAction\",\"target\":{\"@type\":\"EntryPoint\",\"urlTemplate\":\"https:\/\/saludauditiva.net\/?s={search_term_string}\"},\"query-input\":{\"@type\":\"PropertyValueSpecification\",\"valueRequired\":true,\"valueName\":\"search_term_string\"}}],\"inLanguage\":\"es\"}]}<\/script>\n<!-- \/ Yoast SEO plugin. -->","yoast_head_json":{"title":"Nuestra historia 2 - audioproxpert","robots":{"index":"index","follow":"follow","max-snippet":"max-snippet:-1","max-image-preview":"max-image-preview:large","max-video-preview":"max-video-preview:-1"},"canonical":"https:\/\/saludauditiva.net\/?page_id=1129","og_locale":"es_ES","og_type":"article","og_title":"Nuestra historia 2 - audioproxpert","og_description":"Otorrinolaring\u00f3logo con una trayectoria profesional de m\u00e1s de 15\u00a0A\u00f1os Con una experiencia que se extiende por m\u00e1s de 15 a\u00f1os como m\u00e9dico y cirujano, y con dedicaci\u00f3n exclusiva de 7 a\u00f1os en el campo de la Otorrinolaringolog\u00eda en Quetzaltenango, el Dr. Edgar D\u00edaz Arango se destaca como una figura respetada y confiable en el campo [&hellip;]","og_url":"https:\/\/saludauditiva.net\/?page_id=1129","og_site_name":"audioproxpert","article_publisher":"https:\/\/www.facebook.com\/profile.php?id=100083037445521","article_modified_time":"2026-04-04T05:13:57+00:00","twitter_card":"summary_large_image","twitter_site":"@AudioproXperts","schema":{"@context":"https:\/\/schema.org","@graph":[{"@type":"WebPage","@id":"https:\/\/saludauditiva.net\/?page_id=1129","url":"https:\/\/saludauditiva.net\/?page_id=1129","name":"Nuestra historia 2 - audioproxpert","isPartOf":{"@id":"https:\/\/saludauditiva.net\/#website"},"datePublished":"2026-03-17T04:32:24+00:00","dateModified":"2026-04-04T05:13:57+00:00","breadcrumb":{"@id":"https:\/\/saludauditiva.net\/?page_id=1129#breadcrumb"},"inLanguage":"es","potentialAction":[{"@type":"ReadAction","target":["https:\/\/saludauditiva.net\/?page_id=1129"]}]},{"@type":"BreadcrumbList","@id":"https:\/\/saludauditiva.net\/?page_id=1129#breadcrumb","itemListElement":[{"@type":"ListItem","position":1,"name":"Portada","item":"https:\/\/saludauditiva.net\/"},{"@type":"ListItem","position":2,"name":"Nuestra historia 2"}]},{"@type":"WebSite","@id":"https:\/\/saludauditiva.net\/#website","url":"https:\/\/saludauditiva.net\/","name":"audioproxpert","description":"","potentialAction":[{"@type":"SearchAction","target":{"@type":"EntryPoint","urlTemplate":"https:\/\/saludauditiva.net\/?s={search_term_string}"},"query-input":{"@type":"PropertyValueSpecification","valueRequired":true,"valueName":"search_term_string"}}],"inLanguage":"es"}]}},"uagb_featured_image_src":{"full":false,"thumbnail":false,"medium":false,"medium_large":false,"large":false,"1536x1536":false,"2048x2048":false,"et-pb-post-main-image":false,"et-pb-post-main-image-fullwidth":false,"et-pb-portfolio-image":false,"et-pb-portfolio-module-image":false,"et-pb-portfolio-image-single":false,"et-pb-gallery-module-image-portrait":false,"et-pb-post-main-image-fullwidth-large":false,"et-pb-image--responsive--desktop":false,"et-pb-image--responsive--tablet":false,"et-pb-image--responsive--phone":false,"woocommerce_thumbnail":false,"woocommerce_single":false,"woocommerce_gallery_thumbnail":false},"uagb_author_info":{"display_name":"audioproxpert.com","author_link":"https:\/\/saludauditiva.net\/?author=1"},"uagb_comment_info":0,"uagb_excerpt":"Otorrinolaring\u00f3logo con una trayectoria profesional de m\u00e1s de 15\u00a0A\u00f1os Con una experiencia que se extiende por m\u00e1s de 15 a\u00f1os como m\u00e9dico y cirujano, y con dedicaci\u00f3n exclusiva de 7 a\u00f1os en el campo de la Otorrinolaringolog\u00eda en Quetzaltenango, el Dr. Edgar D\u00edaz Arango se destaca como una figura respetada y confiable en el campo&hellip;","jetpack_sharing_enabled":true,"_links":{"self":[{"href":"https:\/\/saludauditiva.net\/index.php?rest_route=\/wp\/v2\/pages\/1129","targetHints":{"allow":["GET"]}}],"collection":[{"href":"https:\/\/saludauditiva.net\/index.php?rest_route=\/wp\/v2\/pages"}],"about":[{"href":"https:\/\/saludauditiva.net\/index.php?rest_route=\/wp\/v2\/types\/page"}],"author":[{"embeddable":true,"href":"https:\/\/saludauditiva.net\/index.php?rest_route=\/wp\/v2\/users\/1"}],"replies":[{"embeddable":true,"href":"https:\/\/saludauditiva.net\/index.php?rest_route=%2Fwp%2Fv2%2Fcomments&post=1129"}],"version-history":[{"count":45,"href":"https:\/\/saludauditiva.net\/index.php?rest_route=\/wp\/v2\/pages\/1129\/revisions"}],"predecessor-version":[{"id":1241,"href":"https:\/\/saludauditiva.net\/index.php?rest_route=\/wp\/v2\/pages\/1129\/revisions\/1241"}],"wp:attachment":[{"href":"https:\/\/saludauditiva.net\/index.php?rest_route=%2Fwp%2Fv2%2Fmedia&parent=1129"}],"curies":[{"name":"wp","href":"https:\/\/api.w.org\/{rel}","templated":true}]}}